{"id":3831,"date":"2020-11-13T15:48:50","date_gmt":"2020-11-13T14:48:50","guid":{"rendered":"https:\/\/www.groundink.fr\/?post_type=product&#038;p=3831"},"modified":"2026-03-16T16:40:14","modified_gmt":"2026-03-16T15:40:14","slug":"custom-rashguard-mma-bjj","status":"publish","type":"product","link":"https:\/\/www.groundink.fr\/en\/produit\/custom-rashguard-mma-bjj\/","title":{"rendered":"custom rash guards\u200b bjj"},"content":{"rendered":"<p>Discover our custom rash guards, specially designed for Brazilian jiu-jitsu (BJJ), grappling, MMA, and many other sports.<br \/>Each custom rashguard is built to deliver performance, durability, and style, making it the perfect custom rash guard for serious athletes looking for a truly personalized rash guard. Whether you are a professional fighter or an amateur practitioner, our custom rash guards will help you maximize your performance while showcasing your unique style.<br \/>Each custom rashguard is engineered for comfort and durability, making it a premium custom rash guard for anyone looking for a truly personalized rash guard. <\/p>\n<style>\n  \/* Conteneur pour g\u00e9rer le scroll horizontal si besoin *\/<br \/>  .table-wrap {<br \/>    width: 100%;<br \/>    overflow-x: auto;<br \/>  }<\/p>\n<p>  \/* Style desktop \/ tablette par d\u00e9faut *\/<br \/>  table.pricing {<br \/>    width: 100%;<br \/>    border-collapse: collapse;<br \/>    font-family: Arial, sans-serif;<br \/>    margin: 20px 0;<br \/>    box-shadow: 0 2px 8px rgba(0,0,0,0.08);<br \/>    border-radius: 10px;<br \/>    overflow: hidden;<br \/>  }<\/p>\n<p>  table.pricing thead {<br \/>    background: #2c3e50;<br \/>    color: #fff;<br \/>    text-align: center;<br \/>    font-weight: bold;<br \/>  }<\/p>\n<p>  table.pricing th,<br \/>  table.pricing td {<br \/>    padding: 12px 14px;<br \/>    text-align: center;<br \/>    border-bottom: 1px solid #eaeaea;<br \/>  }<\/p>\n<p>  table.pricing tbody tr:nth-child(even) {<br \/>    background: #fafafa;<br \/>  }<\/p>\n<p>  table.pricing tbody tr:hover {<br \/>    background: #f3f3f3;<br \/>  }<\/p>\n<p>  table.pricing th {<br \/>    text-transform: uppercase;<br \/>    letter-spacing: 0.04em;<br \/>    font-size: 0.9rem;<br \/>  }<\/p>\n<p>  \/* ===== MODE MOBILE ===== *\/<br \/>  @media (max-width: 640px) {<br \/>    table.pricing {<br \/>      border: 0;<br \/>      box-shadow: none;<br \/>    }<\/p>\n<p>    table.pricing thead {<br \/>      \/* On masque l\u2019ent\u00eate pour laisser place aux libell\u00e9s dynamiques *\/<br \/>      display: none;<br \/>    }<\/p>\n<p>    table.pricing tr {<br \/>      display: block;<br \/>      background: #fff;<br \/>      margin: 12px 0;<br \/>      border: 1px solid #eee;<br \/>      border-radius: 12px;<br \/>      box-shadow: 0 2px 10px rgba(0,0,0,0.06);<br \/>      overflow: hidden;<br \/>    }<\/p>\n<p>    table.pricing td {<br \/>      display: flex;<br \/>      justify-content: space-between;<br \/>      align-items: center;<br \/>      text-align: left;<br \/>      border-bottom: 1px solid #f2f2f2;<br \/>      padding: 12px 14px;<br \/>      font-size: 0.975rem;<br \/>    }<\/p>\n<p>    table.pricing td:last-child {<br \/>      border-bottom: 0;<br \/>    }<\/p>\n<p>    \/* Libell\u00e9s g\u00e9n\u00e9r\u00e9s automatiquement \u00e0 partir de data-label *\/<br \/>    table.pricing td::before {<br \/>      content: attr(data-label);<br \/>      font-weight: 600;<br \/>      text-transform: uppercase;<br \/>      letter-spacing: 0.03em;<br \/>      opacity: 0.7;<br \/>      margin-right: 12px;<br \/>      flex: 0 0 48%;<br \/>    }<\/p>\n<p>    \/* Valeur \u00e0 droite, passe \u00e0 la ligne si besoin *\/<br \/>    table.pricing td span {<br \/>      text-align: right;<br \/>      flex: 1;<br \/>      word-break: break-word;<br \/>    }<br \/>  }<br \/><\/style>\n<div class=\"table-wrap\">\n<table class=\"pricing\" aria-label=\"Grille tarifaire par quantit\u00e9s\">\n<thead>\n<tr>\n<th>Quantity<\/th>\n<th>excluded VAT<\/th>\n<th>included VAT<\/th>\n<\/tr>\n<\/thead>\n<tbody>\n<tr>\n<td data-label=\"Quantit\u00e9\">2 &#8211; 5<\/td>\n<td data-label=\"Prix HT (\u20ac)\">37,5<\/td>\n<td data-label=\"Prix TTC (\u20ac)\">45<\/td>\n<\/tr>\n<tr>\n<td data-label=\"Quantit\u00e9\">6 &#8211; 14<\/td>\n<td data-label=\"Prix HT (\u20ac)\">31,25<\/td>\n<td data-label=\"Prix TTC (\u20ac)\">37,5<\/td>\n<\/tr>\n<tr>\n<td data-label=\"Quantit\u00e9\">15 &#8211; 24<\/td>\n<td data-label=\"Prix HT (\u20ac)\">29,0833<\/td>\n<td data-label=\"Prix TTC (\u20ac)\">34,9<\/td>\n<\/tr>\n<tr>\n<td data-label=\"Quantit\u00e9\">25 &#8211; 39<\/td>\n<td data-label=\"Prix HT (\u20ac)\">27,0833<\/td>\n<td data-label=\"Prix TTC (\u20ac)\">32,5<\/td>\n<\/tr>\n<tr>\n<td data-label=\"Quantit\u00e9\">40 &#8211; 69<\/td>\n<td data-label=\"Prix HT (\u20ac)\">24,9167<\/td>\n<td data-label=\"Prix TTC (\u20ac)\">29,9<\/td>\n<\/tr>\n<tr>\n<td data-label=\"Quantit\u00e9\">70 &#8211; 99<\/td>\n<td data-label=\"Prix HT (\u20ac)\">23,25<\/td>\n<td data-label=\"Prix TTC (\u20ac)\">27,9<\/td>\n<\/tr>\n<tr>\n<td data-label=\"Quantit\u00e9\">100 +<\/td>\n<td data-label=\"Prix HT (\u20ac)\">21,5833<\/td>\n<td data-label=\"Prix TTC (\u20ac)\">25,9<\/td>\n<\/tr>\n<tr>\n<td data-label=\"Quantit\u00e9\">150<\/td>\n<td data-label=\"Prix HT (\u20ac)\">19,9167<\/td>\n<td data-label=\"Prix TTC (\u20ac)\">23,9<\/td>\n<\/tr>\n<tr>\n<td data-label=\"Quantit\u00e9\">200<\/td>\n<td data-label=\"Prix HT (\u20ac)\">19,0833<\/td>\n<td data-label=\"Prix TTC (\u20ac)\">22,9<\/td>\n<\/tr>\n<\/tbody>\n<\/table>\n<\/div>\n<p>For bulk orders for your club or association, contact us by email or by phone to get your custom rash guards.<br \/>Our team will help you create the perfect custom rashguard and custom rash guard solution tailored to your needs.<\/p>\n<p>Premium custom rash guards made from high-end Lycra for multisport training.<br \/>Each custom rashguard is designed to deliver a superior fit and durability, making it the ideal custom rash guard for athletes who want a truly personalized rash guard.<\/p>\n<p>Features:<\/p>\n<p>&#8211; High-quality material: Made from lightweight and breathable materials, our rashguard provides exceptional resistance and durability. It is designed to withstand the wear and tear of intense training and competitions. <\/p>\n<p>&#8211; Optimal comfort: Thanks to its fitted cut and stretchy fabric, this rashguard perfectly contours your body&#8217;s shape without hindering your movements. It guarantees you total freedom of movement during your fights and training sessions. <\/p>\n<p>&#8211; Full customization: create a Lycra custom rash guard that truly represents you by adding your logos, first and last name, sponsors, and your Instagram handle \u2014 for a fully personalized rash guard built on premium custom rash guards quality. Show off your personality and colors with pride on the mat! <\/p>\n<p>&#8211; High-quality printing: Our advanced printing methods ensure color and pattern durability over time, even after numerous washes and training sessions.<\/p>\n<p>&#8211; Easy maintenance: This rashguard is designed for quick washing and drying, allowing you to keep it clean and fresh for your next session.<\/p>\n<p>No more compromises on your gear: choose our custom rashguard and fully express yourself during your Brazilian Jiu-Jitsu (BJJ), grappling, and MMA training and competitions. Order now and stand out on the mat! <\/p>\n<p>If you want to fight in IBJJF <a href=\"https:\/\/ibjjf.com\/uniform\">don&#8217;t forget to check here.<\/a><\/p>\n<p>If you are unable to get exactly what you want, do not hesitate to let us know during the order.<\/p>\n<p>The graphic designer will make the changes so that your equipment is exactly as you imagine it.<\/p>\n<p><img fetchpriority=\"high\" decoding=\"async\" class=\"alignnone wp-image-3560\" src=\"https:\/\/www.groundink.fr\/wp-content\/uploads\/2020\/11\/RASHGUARDADULT-814x1024.jpg\" alt=\"\" width=\"536\" height=\"675\" srcset=\"https:\/\/www.groundink.fr\/wp-content\/uploads\/2020\/11\/RASHGUARDADULT-814x1024.jpg 814w, https:\/\/www.groundink.fr\/wp-content\/uploads\/2020\/11\/RASHGUARDADULT-238x300.jpg 238w, https:\/\/www.groundink.fr\/wp-content\/uploads\/2020\/11\/RASHGUARDADULT-768x967.jpg 768w, https:\/\/www.groundink.fr\/wp-content\/uploads\/2020\/11\/RASHGUARDADULT-600x755.jpg 600w, https:\/\/www.groundink.fr\/wp-content\/uploads\/2020\/11\/RASHGUARDADULT.jpg 1017w\" sizes=\"(max-width: 536px) 100vw, 536px\" \/> <img decoding=\"async\" class=\"alignnone wp-image-3564 \" src=\"https:\/\/www.groundink.fr\/wp-content\/uploads\/2020\/11\/KIDSRASHGUARD.png\" alt=\"\" width=\"536\" height=\"640\"><\/p>\n","protected":false},"excerpt":{"rendered":"<h2>Customized Rashguard for Brazilian Jiu-Jitsu (jjb), Grappling and MMA:<\/h2>\n<p>Improve your performance with this high-quality, fully customizable rashguard. Reinforced flatlock seams and a silicone band prevent the rashguard from riding up, making it ideal for fighters and practitioners of all levels. Express your personality with pride on the mat!  <\/p>\n<p>For club orders, contact us directly to get tailored custom rash guards designed to meet your team\u2019s needs.<\/p>\n<ul>\n<li>by phone at +33 6 99 11 61 28 to discuss your custom rash guards order.<\/li>\n<li>by mail <a href=\"mailto:contact@groundink.fr\">contact@groundink.fr<\/a><\/li>\n<\/ul>\n<p><span style=\"color: #ff6600;\"><span style=\"font-size: 24px;\">Volume discounts available below for clubs and associations on all custom rash guards.<\/span><\/span><\/p>\n<ul>\n<li><em><strong>\ud83d\ude9a Delivery: 4 to 6 weeks (custom-made product)<\/strong><\/em><\/li>\n<li><em><strong>\ud83d\udce6 Free delivery from 90\u20ac.<\/strong><\/em><\/li>\n<li><em><strong>\u2705 If the product does not comply, a new, corrected product is returned<\/strong><\/em><\/li>\n<li><em><strong>\ud83d\udd12 Secure payment with SSL  <\/strong><\/em><\/li>\n<li><em><strong>\ud83d\udcde Customer service available 7\/7<\/strong><\/em><\/li>\n<\/ul>\n","protected":false},"featured_media":2408,"comment_status":"open","ping_status":"closed","template":"","meta":{"_kad_blocks_custom_css":"","_kad_blocks_head_custom_js":"","_kad_blocks_body_custom_js":"","_kad_blocks_footer_custom_js":"","_kad_post_transparent":"default","_kad_post_title":"","_kad_post_layout":"default","_kad_post_sidebar_id":"","_kad_post_content_style":"default","_kad_post_vertical_padding":"default","_kad_post_feature":"","_kad_post_feature_position":"","_kad_post_header":false,"_kad_post_footer":false,"_joinchat":[]},"product_brand":[],"product_cat":[204,206,205,89,80,85,78,86],"product_tag":[],"class_list":{"0":"post-3831","1":"product","2":"type-product","3":"status-publish","4":"has-post-thumbnail","6":"product_cat-english-boxing","7":"product_cat-full-contact","8":"product_cat-savate-french-boxing","9":"product_cat-wrestling","10":"product_cat-bjj-en","11":"product_cat-muay-thai-en","12":"product_cat-no-gi-mma-en","13":"product_cat-sportswear-en","15":"first","16":"instock","17":"taxable","18":"shipping-taxable","19":"purchasable","20":"product-type-variable","21":"product-type-zakeke","22":"product-type-external","23":"entry","24":"content-bg","25":"loop-entry"},"yoast_head":"<!-- This site is optimized with the Yoast SEO plugin v24.7 - https:\/\/yoast.com\/wordpress\/plugins\/seo\/ -->\n<title>Custom rash guards for BJJ, grappling, and MMA<\/title>\n<meta name=\"description\" content=\"Custom Rashguard for Brazilian Jiu-Jitsu (BJJ), Grappling, and MMA \u2013 Unique comfort, durability, and style to optimize your performance. Customize with your logos, names, and sponsors. Order now !\" \/>\n<meta name=\"robots\" content=\"index, follow, max-snippet:-1, max-image-preview:large, max-video-preview:-1\" \/>\n<link rel=\"canonical\" href=\"https:\/\/www.groundink.fr\/en\/produit\/custom-rashguard-mma-bjj\/\" \/>\n<meta property=\"og:locale\" content=\"en_US\" \/>\n<meta property=\"og:type\" content=\"article\" \/>\n<meta property=\"og:title\" content=\"Custom rash guards for BJJ, grappling, and MMA\" \/>\n<meta property=\"og:description\" content=\"Custom Rashguard for Brazilian Jiu-Jitsu (BJJ), Grappling, and MMA \u2013 Unique comfort, durability, and style to optimize your performance. Customize with your logos, names, and sponsors. Order now !\" \/>\n<meta property=\"og:url\" content=\"https:\/\/www.groundink.fr\/en\/produit\/custom-rashguard-mma-bjj\/\" \/>\n<meta property=\"og:site_name\" content=\"Ground ink\" \/>\n<meta property=\"article:publisher\" content=\"https:\/\/www.facebook.com\/groundink\/\" \/>\n<meta property=\"article:modified_time\" content=\"2026-03-16T15:40:14+00:00\" \/>\n<meta property=\"og:image\" content=\"https:\/\/www.groundink.fr\/wp-content\/uploads\/2020\/11\/men_rashguard4backdemo-e1704813560648.jpg\" \/>\n\t<meta property=\"og:image:width\" content=\"1564\" \/>\n\t<meta property=\"og:image:height\" content=\"1564\" \/>\n\t<meta property=\"og:image:type\" content=\"image\/jpeg\" \/>\n<meta name=\"twitter:card\" content=\"summary_large_image\" \/>\n<meta name=\"twitter:label1\" content=\"Est. reading time\" \/>\n\t<meta name=\"twitter:data1\" content=\"3 minutes\" \/>\n<script type=\"application\/ld+json\" class=\"yoast-schema-graph\">{\"@context\":\"https:\/\/schema.org\",\"@graph\":[{\"@type\":\"WebPage\",\"@id\":\"https:\/\/www.groundink.fr\/en\/produit\/custom-rashguard-mma-bjj\/\",\"url\":\"https:\/\/www.groundink.fr\/en\/produit\/custom-rashguard-mma-bjj\/\",\"name\":\"Custom rash guards for BJJ, grappling, and MMA\",\"isPartOf\":{\"@id\":\"https:\/\/www.groundink.fr\/#website\"},\"primaryImageOfPage\":{\"@id\":\"https:\/\/www.groundink.fr\/en\/produit\/custom-rashguard-mma-bjj\/#primaryimage\"},\"image\":{\"@id\":\"https:\/\/www.groundink.fr\/en\/produit\/custom-rashguard-mma-bjj\/#primaryimage\"},\"thumbnailUrl\":\"https:\/\/www.groundink.fr\/wp-content\/uploads\/2020\/11\/men_rashguard4backdemo-e1704813560648.jpg\",\"datePublished\":\"2020-11-13T14:48:50+00:00\",\"dateModified\":\"2026-03-16T15:40:14+00:00\",\"description\":\"Custom Rashguard for Brazilian Jiu-Jitsu (BJJ), Grappling, and MMA \u2013 Unique comfort, durability, and style to optimize your performance. Customize with your logos, names, and sponsors. Order now !\",\"breadcrumb\":{\"@id\":\"https:\/\/www.groundink.fr\/en\/produit\/custom-rashguard-mma-bjj\/#breadcrumb\"},\"inLanguage\":\"en-US\",\"potentialAction\":[{\"@type\":\"ReadAction\",\"target\":[\"https:\/\/www.groundink.fr\/en\/produit\/custom-rashguard-mma-bjj\/\"]}]},{\"@type\":\"ImageObject\",\"inLanguage\":\"en-US\",\"@id\":\"https:\/\/www.groundink.fr\/en\/produit\/custom-rashguard-mma-bjj\/#primaryimage\",\"url\":\"https:\/\/www.groundink.fr\/wp-content\/uploads\/2020\/11\/men_rashguard4backdemo-e1704813560648.jpg\",\"contentUrl\":\"https:\/\/www.groundink.fr\/wp-content\/uploads\/2020\/11\/men_rashguard4backdemo-e1704813560648.jpg\",\"width\":1564,\"height\":1564,\"caption\":\"Rashguard personnalis\u00e9\"},{\"@type\":\"BreadcrumbList\",\"@id\":\"https:\/\/www.groundink.fr\/en\/produit\/custom-rashguard-mma-bjj\/#breadcrumb\",\"itemListElement\":[{\"@type\":\"ListItem\",\"position\":1,\"name\":\"Accueil\",\"item\":\"https:\/\/www.groundink.fr\/en\/\"},{\"@type\":\"ListItem\",\"position\":2,\"name\":\"Shop\",\"item\":\"https:\/\/www.groundink.fr\/en\/shop-2\/\"},{\"@type\":\"ListItem\",\"position\":3,\"name\":\"custom rash guards\u200b bjj\"}]},{\"@type\":\"WebSite\",\"@id\":\"https:\/\/www.groundink.fr\/#website\",\"url\":\"https:\/\/www.groundink.fr\/\",\"name\":\"Ground ink : Personnalisation de kimono de jiu jitsu bresilien\",\"description\":\"N\u00b01 de la personnalisation en sport de combat\",\"publisher\":{\"@id\":\"https:\/\/www.groundink.fr\/#organization\"},\"potentialAction\":[{\"@type\":\"SearchAction\",\"target\":{\"@type\":\"EntryPoint\",\"urlTemplate\":\"https:\/\/www.groundink.fr\/?s={search_term_string}\"},\"query-input\":{\"@type\":\"PropertyValueSpecification\",\"valueRequired\":true,\"valueName\":\"search_term_string\"}}],\"inLanguage\":\"en-US\"},{\"@type\":\"Organization\",\"@id\":\"https:\/\/www.groundink.fr\/#organization\",\"name\":\"Ground ink\",\"url\":\"https:\/\/www.groundink.fr\/\",\"logo\":{\"@type\":\"ImageObject\",\"inLanguage\":\"en-US\",\"@id\":\"https:\/\/www.groundink.fr\/#\/schema\/logo\/image\/\",\"url\":\"https:\/\/www.groundink.fr\/wp-content\/uploads\/2019\/12\/LOGOGI.png\",\"contentUrl\":\"https:\/\/www.groundink.fr\/wp-content\/uploads\/2019\/12\/LOGOGI.png\",\"width\":1416,\"height\":1132,\"caption\":\"Ground ink\"},\"image\":{\"@id\":\"https:\/\/www.groundink.fr\/#\/schema\/logo\/image\/\"},\"sameAs\":[\"https:\/\/www.facebook.com\/groundink\/\",\"https:\/\/www.instagram.com\/ground_ink\/\"]}]}<\/script>\n<!-- \/ Yoast SEO plugin. -->","yoast_head_json":{"title":"Custom rash guards for BJJ, grappling, and MMA","description":"Custom Rashguard for Brazilian Jiu-Jitsu (BJJ), Grappling, and MMA \u2013 Unique comfort, durability, and style to optimize your performance. Customize with your logos, names, and sponsors. Order now !","robots":{"index":"index","follow":"follow","max-snippet":"max-snippet:-1","max-image-preview":"max-image-preview:large","max-video-preview":"max-video-preview:-1"},"canonical":"https:\/\/www.groundink.fr\/en\/produit\/custom-rashguard-mma-bjj\/","og_locale":"en_US","og_type":"article","og_title":"Custom rash guards for BJJ, grappling, and MMA","og_description":"Custom Rashguard for Brazilian Jiu-Jitsu (BJJ), Grappling, and MMA \u2013 Unique comfort, durability, and style to optimize your performance. Customize with your logos, names, and sponsors. Order now !","og_url":"https:\/\/www.groundink.fr\/en\/produit\/custom-rashguard-mma-bjj\/","og_site_name":"Ground ink","article_publisher":"https:\/\/www.facebook.com\/groundink\/","article_modified_time":"2026-03-16T15:40:14+00:00","og_image":[{"width":1564,"height":1564,"url":"https:\/\/www.groundink.fr\/wp-content\/uploads\/2020\/11\/men_rashguard4backdemo-e1704813560648.jpg","type":"image\/jpeg"}],"twitter_card":"summary_large_image","twitter_misc":{"Est. reading time":"3 minutes"},"schema":{"@context":"https:\/\/schema.org","@graph":[{"@type":"WebPage","@id":"https:\/\/www.groundink.fr\/en\/produit\/custom-rashguard-mma-bjj\/","url":"https:\/\/www.groundink.fr\/en\/produit\/custom-rashguard-mma-bjj\/","name":"Custom rash guards for BJJ, grappling, and MMA","isPartOf":{"@id":"https:\/\/www.groundink.fr\/#website"},"primaryImageOfPage":{"@id":"https:\/\/www.groundink.fr\/en\/produit\/custom-rashguard-mma-bjj\/#primaryimage"},"image":{"@id":"https:\/\/www.groundink.fr\/en\/produit\/custom-rashguard-mma-bjj\/#primaryimage"},"thumbnailUrl":"https:\/\/www.groundink.fr\/wp-content\/uploads\/2020\/11\/men_rashguard4backdemo-e1704813560648.jpg","datePublished":"2020-11-13T14:48:50+00:00","dateModified":"2026-03-16T15:40:14+00:00","description":"Custom Rashguard for Brazilian Jiu-Jitsu (BJJ), Grappling, and MMA \u2013 Unique comfort, durability, and style to optimize your performance. Customize with your logos, names, and sponsors. Order now !","breadcrumb":{"@id":"https:\/\/www.groundink.fr\/en\/produit\/custom-rashguard-mma-bjj\/#breadcrumb"},"inLanguage":"en-US","potentialAction":[{"@type":"ReadAction","target":["https:\/\/www.groundink.fr\/en\/produit\/custom-rashguard-mma-bjj\/"]}]},{"@type":"ImageObject","inLanguage":"en-US","@id":"https:\/\/www.groundink.fr\/en\/produit\/custom-rashguard-mma-bjj\/#primaryimage","url":"https:\/\/www.groundink.fr\/wp-content\/uploads\/2020\/11\/men_rashguard4backdemo-e1704813560648.jpg","contentUrl":"https:\/\/www.groundink.fr\/wp-content\/uploads\/2020\/11\/men_rashguard4backdemo-e1704813560648.jpg","width":1564,"height":1564,"caption":"Rashguard personnalis\u00e9"},{"@type":"BreadcrumbList","@id":"https:\/\/www.groundink.fr\/en\/produit\/custom-rashguard-mma-bjj\/#breadcrumb","itemListElement":[{"@type":"ListItem","position":1,"name":"Accueil","item":"https:\/\/www.groundink.fr\/en\/"},{"@type":"ListItem","position":2,"name":"Shop","item":"https:\/\/www.groundink.fr\/en\/shop-2\/"},{"@type":"ListItem","position":3,"name":"custom rash guards\u200b bjj"}]},{"@type":"WebSite","@id":"https:\/\/www.groundink.fr\/#website","url":"https:\/\/www.groundink.fr\/","name":"Ground ink : Personnalisation de kimono de jiu jitsu bresilien","description":"N\u00b01 de la personnalisation en sport de combat","publisher":{"@id":"https:\/\/www.groundink.fr\/#organization"},"potentialAction":[{"@type":"SearchAction","target":{"@type":"EntryPoint","urlTemplate":"https:\/\/www.groundink.fr\/?s={search_term_string}"},"query-input":{"@type":"PropertyValueSpecification","valueRequired":true,"valueName":"search_term_string"}}],"inLanguage":"en-US"},{"@type":"Organization","@id":"https:\/\/www.groundink.fr\/#organization","name":"Ground ink","url":"https:\/\/www.groundink.fr\/","logo":{"@type":"ImageObject","inLanguage":"en-US","@id":"https:\/\/www.groundink.fr\/#\/schema\/logo\/image\/","url":"https:\/\/www.groundink.fr\/wp-content\/uploads\/2019\/12\/LOGOGI.png","contentUrl":"https:\/\/www.groundink.fr\/wp-content\/uploads\/2019\/12\/LOGOGI.png","width":1416,"height":1132,"caption":"Ground ink"},"image":{"@id":"https:\/\/www.groundink.fr\/#\/schema\/logo\/image\/"},"sameAs":["https:\/\/www.facebook.com\/groundink\/","https:\/\/www.instagram.com\/ground_ink\/"]}]}},"taxonomy_info":{"product_cat":[{"value":204,"label":"English Boxing"},{"value":206,"label":"Full contact"},{"value":205,"label":"Savate \/ French boxing"},{"value":89,"label":"WRESTLING"},{"value":80,"label":"Brazilian Jiu jitsu"},{"value":85,"label":"MUAY THAI"},{"value":78,"label":"NO GI - MMA"},{"value":86,"label":"SPORTSWEAR"}]},"featured_image_src_large":["https:\/\/www.groundink.fr\/wp-content\/uploads\/2020\/11\/men_rashguard4backdemo-e1700642545501-1024x1024.jpg",1024,1024,true],"author_info":[],"comment_info":0,"jetpack_sharing_enabled":true,"_links":{"self":[{"href":"https:\/\/www.groundink.fr\/en\/wp-json\/wp\/v2\/product\/3831","targetHints":{"allow":["GET"]}}],"collection":[{"href":"https:\/\/www.groundink.fr\/en\/wp-json\/wp\/v2\/product"}],"about":[{"href":"https:\/\/www.groundink.fr\/en\/wp-json\/wp\/v2\/types\/product"}],"replies":[{"embeddable":true,"href":"https:\/\/www.groundink.fr\/en\/wp-json\/wp\/v2\/comments?post=3831"}],"wp:featuredmedia":[{"embeddable":true,"href":"https:\/\/www.groundink.fr\/en\/wp-json\/wp\/v2\/media\/2408"}],"wp:attachment":[{"href":"https:\/\/www.groundink.fr\/en\/wp-json\/wp\/v2\/media?parent=3831"}],"wp:term":[{"taxonomy":"product_brand","embeddable":true,"href":"https:\/\/www.groundink.fr\/en\/wp-json\/wp\/v2\/product_brand?post=3831"},{"taxonomy":"product_cat","embeddable":true,"href":"https:\/\/www.groundink.fr\/en\/wp-json\/wp\/v2\/product_cat?post=3831"},{"taxonomy":"product_tag","embeddable":true,"href":"https:\/\/www.groundink.fr\/en\/wp-json\/wp\/v2\/product_tag?post=3831"}],"curies":[{"name":"wp","href":"https:\/\/api.w.org\/{rel}","templated":true}]}}